{"id":15636,"date":"2023-09-21T16:55:28","date_gmt":"2023-09-21T16:55:28","guid":{"rendered":"https:\/\/serrazinafactory.com\/?page_id=15636"},"modified":"2023-09-28T15:19:25","modified_gmt":"2023-09-28T15:19:25","slug":"processo-fabrico","status":"publish","type":"page","link":"https:\/\/serrazinashoesfactory.com\/en\/processo-fabrico\/","title":{"rendered":"Manufacturing Process"},"content":{"rendered":"<div data-elementor-type=\"wp-page\" data-elementor-id=\"15636\" class=\"elementor elementor-15636\" data-elementor-post-type=\"page\">\n\t\t\t\t\t\t<section class=\"elementor-section elementor-top-section elementor-element elementor-element-3c548bca elementor-reverse-tablet elementor-reverse-mobile elementor-section-boxed elementor-section-height-default elementor-section-height-default\" data-id=\"3c548bca\" data-element_type=\"section\">\n\t\t\t\t\t\t<div class=\"elementor-container elementor-column-gap-default\">\n\t\t\t\t\t<div class=\"elementor-column elementor-col-50 elementor-top-column elementor-element elementor-element-1d354ed7\" data-id=\"1d354ed7\" data-element_type=\"column\">\n\t\t\t<div class=\"elementor-widget-wrap elementor-element-populated\">\n\t\t\t\t\t\t<div class=\"elementor-element elementor-element-3b8f1c6 elementor-widget elementor-widget-wd_image_or_svg\" data-id=\"3b8f1c6\" data-element_type=\"widget\" data-widget_type=\"wd_image_or_svg.default\">\n\t\t\t\t<div class=\"elementor-widget-container\">\n\t\t\t\t\t\n\t\t<div class=\"wd-image text-left\">\n\t\t\t\t\t\t\t\t<img fetchpriority=\"high\" decoding=\"async\" width=\"2560\" height=\"1706\" src=\"https:\/\/serrazinashoesfactory.com\/wp-content\/uploads\/2023\/09\/machine-tool-table-with-shoes-making-holes-laces-cobbler-s-workshop-scaled.jpg\" class=\"attachment-full size-full\" alt=\"\" srcset=\"https:\/\/serrazinashoesfactory.com\/wp-content\/uploads\/2023\/09\/machine-tool-table-with-shoes-making-holes-laces-cobbler-s-workshop-scaled.jpg 2560w, https:\/\/serrazinashoesfactory.com\/wp-content\/uploads\/2023\/09\/machine-tool-table-with-shoes-making-holes-laces-cobbler-s-workshop-scaled-430x287.jpg 430w, https:\/\/serrazinashoesfactory.com\/wp-content\/uploads\/2023\/09\/machine-tool-table-with-shoes-making-holes-laces-cobbler-s-workshop-scaled-150x100.jpg 150w, https:\/\/serrazinashoesfactory.com\/wp-content\/uploads\/2023\/09\/machine-tool-table-with-shoes-making-holes-laces-cobbler-s-workshop-scaled-700x466.jpg 700w, https:\/\/serrazinashoesfactory.com\/wp-content\/uploads\/2023\/09\/machine-tool-table-with-shoes-making-holes-laces-cobbler-s-workshop-400x267.jpg 400w, https:\/\/serrazinashoesfactory.com\/wp-content\/uploads\/2023\/09\/machine-tool-table-with-shoes-making-holes-laces-cobbler-s-workshop-1200x800.jpg 1200w, https:\/\/serrazinashoesfactory.com\/wp-content\/uploads\/2023\/09\/machine-tool-table-with-shoes-making-holes-laces-cobbler-s-workshop-768x512.jpg 768w, https:\/\/serrazinashoesfactory.com\/wp-content\/uploads\/2023\/09\/machine-tool-table-with-shoes-making-holes-laces-cobbler-s-workshop-1536x1024.jpg 1536w, https:\/\/serrazinashoesfactory.com\/wp-content\/uploads\/2023\/09\/machine-tool-table-with-shoes-making-holes-laces-cobbler-s-workshop-2048x1365.jpg 2048w, https:\/\/serrazinashoesfactory.com\/wp-content\/uploads\/2023\/09\/machine-tool-table-with-shoes-making-holes-laces-cobbler-s-workshop-860x573.jpg 860w\" sizes=\"(max-width: 2560px) 100vw, 2560px\" \/>\t\t\t\t\t<\/div>\n\n\t\t\t\t\t\t<\/div>\n\t\t\t\t<\/div>\n\t\t\t\t\t<\/div>\n\t\t<\/div>\n\t\t\t\t<div class=\"elementor-column elementor-col-50 elementor-top-column elementor-element elementor-element-7a9daa7\" data-id=\"7a9daa7\" data-element_type=\"column\">\n\t\t\t<div class=\"elementor-widget-wrap elementor-element-populated\">\n\t\t\t\t\t\t<div class=\"elementor-element elementor-element-18566191 elementor-widget__width-initial wd-width-100 elementor-widget elementor-widget-wd_title\" data-id=\"18566191\" data-element_type=\"widget\" data-widget_type=\"wd_title.default\">\n\t\t\t\t<div class=\"elementor-widget-container\">\n\t\t\t\t\t\t\t<div class=\"title-wrapper set-mb-s reset-last-child wd-title-color-primary wd-title-style-default wd-title-size-large text-left\">\n\n\t\t\t\t\t\t\t<div class=\"title-subtitle subtitle-color-primary subtitle-style-default wd-fontsize-xs\">\n\t\t\t\t\tManufacturing Process\t\t\t\t<\/div>\n\t\t\t\n\t\t\t<div class=\"liner-continer\">\n\t\t\t\t<h4 class=\"woodmart-title-container title wd-fontsize-xxl\">Goodyear Welted<\/h4> \n\t\t\t\t\t\t\t<\/div>\n\n\t\t\t\t\t<\/div>\n\t\t\t\t\t\t<\/div>\n\t\t\t\t<\/div>\n\t\t\t\t<div class=\"elementor-element elementor-element-cf34ae6 elementor-widget__width-initial elementor-widget elementor-widget-wd_text_block\" data-id=\"cf34ae6\" data-element_type=\"widget\" data-widget_type=\"wd_text_block.default\">\n\t\t\t\t<div class=\"elementor-widget-container\">\n\t\t\t\t\t\t\t<div class=\"wd-text-block reset-last-child text-left\">\n\t\t\t\n\t\t\t<p class=\"p1\">This manufacturing method is considered the best, as it offers all the protection, quality and comfort to your feet, guaranteeing high durability. Replacing the manual process, this automated technique is characterized by the sewing of a strip of leather to the cut and assembly insole, where the turn is again sewn to the midsole or outsole. In the space between the insole and sole, a reinforcement is created in the plantar arch with a filling material that provides quality and resistance.<\/p>\n\t\t\t\t\t<\/div>\n\t\t\t\t\t\t<\/div>\n\t\t\t\t<\/div>\n\t\t\t\t\t<\/div>\n\t\t<\/div>\n\t\t\t\t\t<\/div>\n\t\t<\/section>\n\t\t\t\t<section class=\"elementor-section elementor-top-section elementor-element elementor-element-41d9644 elementor-reverse-tablet elementor-reverse-mobile elementor-section-boxed elementor-section-height-default elementor-section-height-default\" data-id=\"41d9644\" data-element_type=\"section\">\n\t\t\t\t\t\t<div class=\"elementor-container elementor-column-gap-default\">\n\t\t\t\t\t<div class=\"elementor-column elementor-col-50 elementor-top-column elementor-element elementor-element-63f47e1\" data-id=\"63f47e1\" data-element_type=\"column\">\n\t\t\t<div class=\"elementor-widget-wrap elementor-element-populated\">\n\t\t\t\t\t\t<div class=\"elementor-element elementor-element-49ce94e elementor-widget__width-initial wd-width-100 elementor-widget elementor-widget-wd_title\" data-id=\"49ce94e\" data-element_type=\"widget\" data-widget_type=\"wd_title.default\">\n\t\t\t\t<div class=\"elementor-widget-container\">\n\t\t\t\t\t\t\t<div class=\"title-wrapper set-mb-s reset-last-child wd-title-color-primary wd-title-style-default wd-title-size-large text-left\">\n\n\t\t\t\t\t\t\t<div class=\"title-subtitle subtitle-color-primary subtitle-style-default wd-fontsize-xs\">\n\t\t\t\t\tManufacturing Process\t\t\t\t<\/div>\n\t\t\t\n\t\t\t<div class=\"liner-continer\">\n\t\t\t\t<h4 class=\"woodmart-title-container title wd-fontsize-xxl\">Blake<\/h4> \n\t\t\t\t\t\t\t<\/div>\n\n\t\t\t\t\t<\/div>\n\t\t\t\t\t\t<\/div>\n\t\t\t\t<\/div>\n\t\t\t\t<div class=\"elementor-element elementor-element-2627cc1 elementor-widget__width-initial elementor-widget elementor-widget-wd_text_block\" data-id=\"2627cc1\" data-element_type=\"widget\" data-widget_type=\"wd_text_block.default\">\n\t\t\t\t<div class=\"elementor-widget-container\">\n\t\t\t\t\t\t\t<div class=\"wd-text-block reset-last-child text-left\">\n\t\t\t\n\t\t\t<p class=\"p1\">The mechanized process consists of sewing the insole, sole and upper in a single seam using specialized machines that make the method quick, simple and economical. The system involves direct attachment of the cut to the sole through the stitching, in the toe and toe areas. Next, the complete midsole is sewn onto the sole. The quality and flexibility of this technique make the footwear lighter and lighter, offering the comfort and quality required.<\/p>\n\t\t\t\t\t<\/div>\n\t\t\t\t\t\t<\/div>\n\t\t\t\t<\/div>\n\t\t\t\t\t<\/div>\n\t\t<\/div>\n\t\t\t\t<div class=\"elementor-column elementor-col-50 elementor-top-column elementor-element elementor-element-36fe234\" data-id=\"36fe234\" data-element_type=\"column\">\n\t\t\t<div class=\"elementor-widget-wrap elementor-element-populated\">\n\t\t\t\t\t\t<div class=\"elementor-element elementor-element-59dc7c5 elementor-widget elementor-widget-wd_image_or_svg\" data-id=\"59dc7c5\" data-element_type=\"widget\" data-widget_type=\"wd_image_or_svg.default\">\n\t\t\t\t<div class=\"elementor-widget-container\">\n\t\t\t\t\t\n\t\t<div class=\"wd-image text-left\">\n\t\t\t\t\t\t\t\t<img decoding=\"async\" width=\"2560\" height=\"1707\" src=\"https:\/\/serrazinashoesfactory.com\/wp-content\/uploads\/2023\/09\/close-up-side-view-hands-shoemaker-shoemaker-black-gloves-holding-old-worn-light-brown-leather-shoes-table-be-repaired-dark-craft-shoe-shop-concept-cobbler-artisan-work-1-scaled.jpg\" class=\"attachment-full size-full\" alt=\"\" srcset=\"https:\/\/serrazinashoesfactory.com\/wp-content\/uploads\/2023\/09\/close-up-side-view-hands-shoemaker-shoemaker-black-gloves-holding-old-worn-light-brown-leather-shoes-table-be-repaired-dark-craft-shoe-shop-concept-cobbler-artisan-work-1-scaled.jpg 2560w, https:\/\/serrazinashoesfactory.com\/wp-content\/uploads\/2023\/09\/close-up-side-view-hands-shoemaker-shoemaker-black-gloves-holding-old-worn-light-brown-leather-shoes-table-be-repaired-dark-craft-shoe-shop-concept-cobbler-artisan-work-1-scaled-430x287.jpg 430w, https:\/\/serrazinashoesfactory.com\/wp-content\/uploads\/2023\/09\/close-up-side-view-hands-shoemaker-shoemaker-black-gloves-holding-old-worn-light-brown-leather-shoes-table-be-repaired-dark-craft-shoe-shop-concept-cobbler-artisan-work-1-scaled-150x100.jpg 150w, https:\/\/serrazinashoesfactory.com\/wp-content\/uploads\/2023\/09\/close-up-side-view-hands-shoemaker-shoemaker-black-gloves-holding-old-worn-light-brown-leather-shoes-table-be-repaired-dark-craft-shoe-shop-concept-cobbler-artisan-work-1-scaled-700x467.jpg 700w, https:\/\/serrazinashoesfactory.com\/wp-content\/uploads\/2023\/09\/close-up-side-view-hands-shoemaker-shoemaker-black-gloves-holding-old-worn-light-brown-leather-shoes-table-be-repaired-dark-craft-shoe-shop-concept-cobbler-artisan-work-1-400x267.jpg 400w, https:\/\/serrazinashoesfactory.com\/wp-content\/uploads\/2023\/09\/close-up-side-view-hands-shoemaker-shoemaker-black-gloves-holding-old-worn-light-brown-leather-shoes-table-be-repaired-dark-craft-shoe-shop-concept-cobbler-artisan-work-1-1200x800.jpg 1200w, https:\/\/serrazinashoesfactory.com\/wp-content\/uploads\/2023\/09\/close-up-side-view-hands-shoemaker-shoemaker-black-gloves-holding-old-worn-light-brown-leather-shoes-table-be-repaired-dark-craft-shoe-shop-concept-cobbler-artisan-work-1-768x512.jpg 768w, https:\/\/serrazinashoesfactory.com\/wp-content\/uploads\/2023\/09\/close-up-side-view-hands-shoemaker-shoemaker-black-gloves-holding-old-worn-light-brown-leather-shoes-table-be-repaired-dark-craft-shoe-shop-concept-cobbler-artisan-work-1-1536x1024.jpg 1536w, https:\/\/serrazinashoesfactory.com\/wp-content\/uploads\/2023\/09\/close-up-side-view-hands-shoemaker-shoemaker-black-gloves-holding-old-worn-light-brown-leather-shoes-table-be-repaired-dark-craft-shoe-shop-concept-cobbler-artisan-work-1-2048x1365.jpg 2048w, https:\/\/serrazinashoesfactory.com\/wp-content\/uploads\/2023\/09\/close-up-side-view-hands-shoemaker-shoemaker-black-gloves-holding-old-worn-light-brown-leather-shoes-table-be-repaired-dark-craft-shoe-shop-concept-cobbler-artisan-work-1-860x573.jpg 860w\" sizes=\"(max-width: 2560px) 100vw, 2560px\" \/>\t\t\t\t\t<\/div>\n\n\t\t\t\t\t\t<\/div>\n\t\t\t\t<\/div>\n\t\t\t\t\t<\/div>\n\t\t<\/div>\n\t\t\t\t\t<\/div>\n\t\t<\/section>\n\t\t\t\t<\/div>","protected":false},"excerpt":{"rendered":"<p>Processo de Fabrico Goodyear Welted Este m\u00e9todo de fabrico \u00e9 considerado o melhor, dado que oferece toda a prote\u00e7\u00e3o, qualidade<\/p>","protected":false},"author":1,"featured_media":0,"parent":0,"menu_order":0,"comment_status":"closed","ping_status":"closed","template":"","meta":{"footnotes":""},"class_list":["post-15636","page","type-page","status-publish","hentry"],"_links":{"self":[{"href":"https:\/\/serrazinashoesfactory.com\/en\/wp-json\/wp\/v2\/pages\/15636","targetHints":{"allow":["GET"]}}],"collection":[{"href":"https:\/\/serrazinashoesfactory.com\/en\/wp-json\/wp\/v2\/pages"}],"about":[{"href":"https:\/\/serrazinashoesfactory.com\/en\/wp-json\/wp\/v2\/types\/page"}],"author":[{"embeddable":true,"href":"https:\/\/serrazinashoesfactory.com\/en\/wp-json\/wp\/v2\/users\/1"}],"replies":[{"embeddable":true,"href":"https:\/\/serrazinashoesfactory.com\/en\/wp-json\/wp\/v2\/comments?post=15636"}],"version-history":[{"count":7,"href":"https:\/\/serrazinashoesfactory.com\/en\/wp-json\/wp\/v2\/pages\/15636\/revisions"}],"predecessor-version":[{"id":15948,"href":"https:\/\/serrazinashoesfactory.com\/en\/wp-json\/wp\/v2\/pages\/15636\/revisions\/15948"}],"wp:attachment":[{"href":"https:\/\/serrazinashoesfactory.com\/en\/wp-json\/wp\/v2\/media?parent=15636"}],"curies":[{"name":"wp","href":"https:\/\/api.w.org\/{rel}","templated":true}]}}