{"id":15700,"date":"2023-09-25T15:06:30","date_gmt":"2023-09-25T15:06:30","guid":{"rendered":"https:\/\/serrazinafactory.com\/?page_id=15700"},"modified":"2023-09-25T15:07:13","modified_gmt":"2023-09-25T15:07:13","slug":"arbitragem-de-consumo","status":"publish","type":"page","link":"https:\/\/serrazinashoesfactory.com\/en\/arbitragem-de-consumo\/","title":{"rendered":"Consumer Arbitration"},"content":{"rendered":"<div data-elementor-type=\"wp-page\" data-elementor-id=\"15700\" class=\"elementor elementor-15700\" data-elementor-post-type=\"page\">\n\t\t\t\t<div class=\"elementor-element elementor-element-1794ebfb e-flex e-con-boxed e-con e-parent\" data-id=\"1794ebfb\" data-element_type=\"container\">\n\t\t\t\t\t<div class=\"e-con-inner\">\n\t\t\t\t<div class=\"elementor-element elementor-element-22a769b3 color-scheme-inherit text-left elementor-widget elementor-widget-text-editor\" data-id=\"22a769b3\" data-element_type=\"widget\" data-widget_type=\"text-editor.default\">\n\t\t\t\t<div class=\"elementor-widget-container\">\n\t\t\t\t\t\t\t\t\t<p class=\"p1\">De acordo com a Lei n.\u00ba 144\/2015, de 8 de setembro de 2015, divulgamos todas as Entidades para Resolu\u00e7\u00e3o Alternativa de Lit\u00edgios que podem ser contactadas em caso de conflito na compra de um produto referenciado neste website.<\/p>\n<p class=\"p1\">Assim, e se ficou insatisfeito e pretende expor a sua situa\u00e7\u00e3o poder\u00e1 faz\u00ea-lo contactando uma Entidade de Resolu\u00e7\u00e3o Alternativa de Lit\u00edgios.<\/p>\n<p class=\"p1\">Centro Nacional de Informa\u00e7\u00e3o e Arbitragem de Conflitos de Consumo (CNIACC)<br \/><a href=\"https:\/\/www.cniacc.pt\/pt\/\">https:\/\/www.cniacc.pt\/pt\/<\/a><br \/>E-mail:\u00a0<a href=\"mailto:geral@cniacc.pt\">geral@cniacc.pt<\/a><\/p>\n<p class=\"p1\">Centro de Informa\u00e7\u00e3o e Arbitragem do Vale do C\u00e1vado (CIAB)<br \/><a href=\"https:\/\/www.ciab.pt\/\">https:\/\/www.ciab.pt\/<\/a><br \/>E-mail:\u00a0<a href=\"mailto:geral@ciab.pt\">geral@ciab.pt<\/a><\/p>\n<p class=\"p1\">Centro de Informa\u00e7\u00e3o e Arbitragem do Vale do Ave (TRIAVE)<br \/><a href=\"https:\/\/www.triave.pt\/\">https:\/\/www.triave.pt\/<\/a><br \/>E-mail:\u00a0<a href=\"mailto:triave@gmail.com\">triave@gmail.com<\/a><\/p>\n<p class=\"p1\">\u200bCentro de Informa\u00e7\u00e3o e Arbitragem do Porto (CICAP)<br \/><a href=\"https:\/\/www.cicap.pt\/\">https:\/\/www.cicap.pt\/<\/a><br \/>E-mail:\u00a0<a href=\"mailto:cicap@cicap.pt\">cicap@cicap.pt<\/a><\/p>\n<p class=\"p1\">Centro de Arbitragem de Conflitos de Consumo do Distrito de Coimbra (CACCDC)<br \/><a href=\"http:\/\/www.centrodearbitragemdecoimbra.com\/\">http:\/\/www.centrodearbitragemdecoimbra.com\/<\/a><br \/>E-mail:\u00a0<a href=\"mailto:geral@centrodearbitragemdecoimbra.com\">geral@centrodearbitragemdecoimbra.com<\/a>\u200b<\/p>\n<p class=\"p1\">Centro de Arbitragem de Conflitos de Consumo de Lisboa (CACCL)<br \/><a href=\"http:\/\/www.centroarbitragemlisboa.pt\/\">http:\/\/www.centroarbitragemlisboa.pt\/<\/a><br \/>E-mail:\u00a0<a href=\"mailto:juridico@centroarbitragemlisboa.pt\">juridico@centroarbitragemlisboa.pt<\/a>\u00a0|\u00a0<a href=\"mailto:director@centroarbitragemlisboa.pt\">director@centroarbitragemlisboa.pt<\/a><\/p>\n<p class=\"p1\">Centro de Arbitragem da Universidade Aut\u00f3noma de Lisboa (CAUAL)<br \/><a href=\"https:\/\/arbitragem.autonoma.pt\/\">https:\/\/arbitragem.autonoma.pt\/<\/a><br \/>E-mail:\u00a0<a href=\"mailto:centrodearbitragem@autonoma.pt\">centrodearbitragem@autonoma.pt<\/a><\/p>\n<p class=\"p1\">Centro de Informa\u00e7\u00e3o, Media\u00e7\u00e3o e Arbitragem do Algarve (CIMAAL)<br \/><a href=\"https:\/\/www.consumidoronline.pt\/\">https:\/\/www.consumidoronline.pt\/<\/a><br \/>E-mail:\u00a0<a href=\"mailto:info@consumoalgarve.pt\">info@consumoalgarve.pt<\/a><\/p>\n<p>No que concerne a lit\u00edgios decorrentes do fornecimento de bens ou presta\u00e7\u00e3o de servi\u00e7os atrav\u00e9s do site EMBALSANTOS, ou de qualquer outro meio eletr\u00f3nico, o consumidor poder\u00e1, ainda, recorrer \u00e0 Plataforma Europeia de Resolu\u00e7\u00e3o de Lit\u00edgios em Linha, dispon\u00edvel em\u00a0<a href=\"https:\/\/ec.europa.eu\/consumers\/odr\/main\/index.cfm?event=main.home2.show&amp;lng=PT\">https:\/\/ec.europa.eu\/consumers\/odr\/main\/index.cfm?event=main.home2.show&amp;lng=PT<\/a><\/p>\n<p class=\"p1\">Para qualquer informa\u00e7\u00e3o adicional, consulte o Portal do Consumidor em\u00a0<a href=\"https:\/\/www.consumidor.gov.pt\/\">www.consumidor.pt<\/a><\/p>\t\t\t\t\t\t\t\t<\/div>\n\t\t\t\t<\/div>\n\t\t\t\t\t<\/div>\n\t\t\t\t<\/div>\n\t\t\t\t<\/div>","protected":false},"excerpt":{"rendered":"<p>De acordo com a Lei n.\u00ba 144\/2015, de 8 de setembro de 2015, divulgamos todas as Entidades para Resolu\u00e7\u00e3o Alternativa<\/p>","protected":false},"author":1,"featured_media":0,"parent":0,"menu_order":0,"comment_status":"closed","ping_status":"closed","template":"","meta":{"footnotes":""},"class_list":["post-15700","page","type-page","status-publish","hentry"],"_links":{"self":[{"href":"https:\/\/serrazinashoesfactory.com\/en\/wp-json\/wp\/v2\/pages\/15700","targetHints":{"allow":["GET"]}}],"collection":[{"href":"https:\/\/serrazinashoesfactory.com\/en\/wp-json\/wp\/v2\/pages"}],"about":[{"href":"https:\/\/serrazinashoesfactory.com\/en\/wp-json\/wp\/v2\/types\/page"}],"author":[{"embeddable":true,"href":"https:\/\/serrazinashoesfactory.com\/en\/wp-json\/wp\/v2\/users\/1"}],"replies":[{"embeddable":true,"href":"https:\/\/serrazinashoesfactory.com\/en\/wp-json\/wp\/v2\/comments?post=15700"}],"version-history":[{"count":4,"href":"https:\/\/serrazinashoesfactory.com\/en\/wp-json\/wp\/v2\/pages\/15700\/revisions"}],"predecessor-version":[{"id":15704,"href":"https:\/\/serrazinashoesfactory.com\/en\/wp-json\/wp\/v2\/pages\/15700\/revisions\/15704"}],"wp:attachment":[{"href":"https:\/\/serrazinashoesfactory.com\/en\/wp-json\/wp\/v2\/media?parent=15700"}],"curies":[{"name":"wp","href":"https:\/\/api.w.org\/{rel}","templated":true}]}}