{"id":3,"date":"2023-09-21T13:00:14","date_gmt":"2023-09-21T13:00:14","guid":{"rendered":"https:\/\/serrazinafactory.com\/?page_id=3"},"modified":"2023-09-25T15:33:17","modified_gmt":"2023-09-25T15:33:17","slug":"privacy-policy","status":"publish","type":"page","link":"https:\/\/serrazinashoesfactory.com\/en\/privacy-policy\/","title":{"rendered":"Privacy Policy"},"content":{"rendered":"<div data-elementor-type=\"wp-page\" data-elementor-id=\"3\" class=\"elementor elementor-3\" data-elementor-post-type=\"page\">\n\t\t\t\t<div class=\"elementor-element elementor-element-32ad24ab e-flex e-con-boxed e-con e-parent\" data-id=\"32ad24ab\" data-element_type=\"container\">\n\t\t\t\t\t<div class=\"e-con-inner\">\n\t\t\t\t<div class=\"elementor-element elementor-element-480123ac color-scheme-inherit text-left elementor-widget elementor-widget-text-editor\" data-id=\"480123ac\" data-element_type=\"widget\" data-widget_type=\"text-editor.default\">\n\t\t\t\t<div class=\"elementor-widget-container\">\n\t\t\t\t\t\t\t\t\t<p>O Regulamento (EU)\u00a0 2016\/679 DO PARLAMENTO EUROPEU E DO CONSELHO de 27 de Abril de 2016 relativo \u00e0 protec\u00e7\u00e3o das pessoas singulares no que diz respeito ao tratamento de dados pessoais\u00a0 \u00e9\u00a0 aplic\u00e1vel\u00a0 a partir de 25 maio de 2018, e vem refor\u00e7ar a seguran\u00e7a e controle na protec\u00e7\u00e3o dos seus dados pessoais.<\/p>\n<p>A Serrazina Shoes Factory\u00a0 pretende continuar em contacto consigo e inform\u00e1-lo de todas as novidades, campanhas e promo\u00e7\u00f5es, bem como quest\u00f5es comerciais no cumprimento das normas legais e de privacidade dos seus dados.<br \/>A Pr\u00e1tico &amp; Contempor\u00e2neo, Lda. designada por Serrazina Shoes Factory, \u00e9 a entidade respons\u00e1vel pelo tratamento dos dados pessoais dos seus clientes que procedam ao preenchimento dos seus dados e \u00e0 submiss\u00e3o do Formul\u00e1rio de Consentimento para Comunica\u00e7\u00e3o Individual e assume o compromisso de que o tratamento de dados\u00a0 pessoais ser\u00e1 feito de acordo com a Lei.\u00a0<\/p>\n<h6>Para que finalidade e com que fundamento recolhemos a informa\u00e7\u00e3o?<\/h6>\n<p>A Serrazina Shoes Factory necessita da sua informa\u00e7\u00e3o para:<br \/>\u00a0\u2022 Processar e entregar a sua encomenda, bem como para notific\u00e1-lo sobre o estado da mesma;<br \/>\u2022 Identific\u00e1-lo a si ou \u00e1 sua empresa \u2013 como nosso cliente;<br \/>\u2022 Dar-lhe acesso \u00e0s \u00e1reas restritas do site;<br \/>\u2022 Enviar-lhe informa\u00e7\u00e3o privilegiada de uma forma personalizada;<br \/>\u2022 Dar-lhe acesso a promo\u00e7\u00f5es e campanhas e descontos exclusivos;<br \/>\u2022 Assegurar que o Servi\u00e7o de Apoio ao Cliente o poder\u00e1 contactar para fornecer respostas a quest\u00f5es e situa\u00e7\u00f5es do seu interesse.<\/p>\n<h6>De que forma recolhemos os dados?<\/h6>\n<p>\u2022 Login, inicio da sess\u00e3o no site. Estes reconhecem-no, sempre que estiver ligado ao site da Serrazina Shoes Factory como nosso cliente, com todas as vantagens que esta situa\u00e7\u00e3o acarreta;<br \/>\u2022 O Servi\u00e7o de Apoio a Clientes, que recolher\u00e1 todas as suas reclama\u00e7\u00f5es, coment\u00e1rios, sugest\u00f5es e outras informa\u00e7\u00f5es \u00fateis com vista a uma otimiza\u00e7\u00e3o e melhoria do servi\u00e7o que lhe \u00e9 prestado;<br \/>\u2022 Estudos e question\u00e1rios de satisfa\u00e7\u00e3o.<\/p>\n<h6>Com quem pode a Serrazina Shoes Factory partilhar os meus dados pessoais?<\/h6>\n<p>O acesso \u00e0 informa\u00e7\u00e3o \u00e9 restrito, sendo realizado para satisfazer a sua encomenda, desde a concretiza\u00e7\u00e3o do pagamento e distribui\u00e7\u00e3o pelos canais de entrega at\u00e9 ao p\u00f3s venda. A ced\u00eancia a terceiros de qualquer informa\u00e7\u00e3o s\u00f3 se realiza ap\u00f3s a sua autoriza\u00e7\u00e3o. Esta ocorrer\u00e1 para a realiza\u00e7\u00e3o da promo\u00e7\u00e3o de servi\u00e7os, produtos e outras atividades de marketing.<\/p>\n<p>Cada uma das entidades envolvidas no tratamento dos seus dados \u00e9 obrigada a cumprir a legisla\u00e7\u00e3o aplic\u00e1vel em mat\u00e9ria de prote\u00e7\u00e3o de dados pessoais, em particular, no que se refere \u00e0 seguran\u00e7a e confidencialidade do seu tratamento.<\/p>\n<p>De acordo com a lei em vigor, podemos partilhar dados pessoais por aplica\u00e7\u00e3o, exig\u00eancia da lei ou outras entidades, se necess\u00e1rio para proteger os nossos direitos ou os de terceiros, para combate \u00e0 fraude ou para fazer cumprir os termos e condi\u00e7\u00f5es da nossa p\u00e1gina, em conformidade com a legisla\u00e7\u00e3o aplic\u00e1vel.<\/p>\n<h6 class=\"js-ot-title otsdk_alert_title\"><strong>Cookies<\/strong><\/h6>\n<p class=\"js-ot-content otsdk_alert_text\">A Serrazina Shoes Factory usa cookies e tecnologias semelhantes, incluindo cookies de terceiros, para analisar informa\u00e7\u00f5es sobre o desempenho do nosso website para saber como melhor adequar o website e a oferta aos nossos clientes e para permitir que o website funcione. Os cookies tamb\u00e9m permitem que n\u00f3s e os nossos parceiros forne\u00e7amos conte\u00fado, servi\u00e7os e an\u00fancios personalizados. Ao clicar em \u2018Aceitar\u2019, voc\u00ea concorda com o uso de todos estes cookies. Voc\u00ea pode alterar ou ajustar suas prefer\u00eancias de cookies enviando um email com essas indica\u00e7\u00f5es para: geral@serrazinashoesfactory.com<\/p>\n<p>De acordo com o estabelecido na Lei n.\u00ba 41\/2004, de 18 de Agosto e no Regulamento (UE) 2016\/679 do Parlamento europeu e do Conselho de 27 de abril de 2016 relativo \u00e0 prote\u00e7\u00e3o das pessoas singulares no que diz respeito ao tratamento de dados pessoais e \u00e0 livre circula\u00e7\u00e3o desses dados e que revoga a Diretiva 95\/46\/CE (Regulamento Geral sobre a Prote\u00e7\u00e3o de Dados) , informamos-lhe que este website armazena informa\u00e7\u00e3o de endere\u00e7os IP dos computadores, e utiliza Cookies para recolher informa\u00e7\u00e3o acerca da forma como os visitantes utilizam o seu website com o objetivo de prestar um melhor servi\u00e7o e oferecer-lhe uma melhor experi\u00eancia na sua navega\u00e7\u00e3o.<\/p>\n<p>As Cookies s\u00e3o pequenos arquivos de texto que cont\u00eam informa\u00e7\u00e3o, e que se geram no computador ou terminal do Utilizador quando navega pelo website. Ao clicar no bot\u00e3o \u201cACEITAR\u201d est\u00e1 a consentir na utiliza\u00e7\u00e3o de cookies no website. Atrav\u00e9s das cookies de seguida enunciadas:<\/p>\n<p><strong>Cookies pr\u00f3prias<\/strong>: S\u00e3o aquelas que enviamos para o seu computador ou dispositivo a partir do nosso\u00a0<span class=\"italic\">site<\/span>.<\/p>\n<p><strong>Cookies de terceiros<\/strong>: S\u00e3o aquelas que se enviam para o seu computador ou dispositivo atrav\u00e9s de um dom\u00ednio ou de uma p\u00e1gina web que n\u00e3o \u00e9 administrada por n\u00f3s, mas sim por uma entidade colaboradora. Como por exemplo, as utilizadas pelo Google que instala cookies que nos ajudam a analizar o funcionamento do nosso website, e melhorar a efetividade das nossas campanhas de marketing.\u00a0<\/p>\n<ul>\n<li><strong>Google<\/strong>: Google oferece um grande n\u00famero de produtos para nos ajudar a administrar os nossos an\u00fancios e sites; entre os que se incluem AdSense, AdWords, Google Analytics e Google Tag Manager, assim como uma s\u00e9rie de servi\u00e7os da marca DoubleClick. Se derem o vosso consentimento, podem ser enviadas algumas cookies para o seu navegador.<\/li>\n<li><strong>Facebook<\/strong>: a Serrazina Shoes Factory, utiliza etiquetas p\u00edxel do Facebook para saber se uma compra foi realizada a partir de um an\u00fancio publicado nesta \u00faltima, proporcionar servi\u00e7os e\/ou impactar mediante an\u00fancios relevantes da Serrazina Shoes Factory.<\/li>\n<\/ul>\t\t\t\t\t\t\t\t<\/div>\n\t\t\t\t<\/div>\n\t\t\t\t\t<\/div>\n\t\t\t\t<\/div>\n\t\t\t\t<\/div>","protected":false},"excerpt":{"rendered":"<p>O Regulamento (EU)\u00a0 2016\/679 DO PARLAMENTO EUROPEU E DO CONSELHO de 27 de Abril de 2016 relativo \u00e0 protec\u00e7\u00e3o das<\/p>","protected":false},"author":1,"featured_media":0,"parent":0,"menu_order":0,"comment_status":"closed","ping_status":"open","template":"","meta":{"footnotes":""},"class_list":["post-3","page","type-page","status-publish","hentry"],"_links":{"self":[{"href":"https:\/\/serrazinashoesfactory.com\/en\/wp-json\/wp\/v2\/pages\/3","targetHints":{"allow":["GET"]}}],"collection":[{"href":"https:\/\/serrazinashoesfactory.com\/en\/wp-json\/wp\/v2\/pages"}],"about":[{"href":"https:\/\/serrazinashoesfactory.com\/en\/wp-json\/wp\/v2\/types\/page"}],"author":[{"embeddable":true,"href":"https:\/\/serrazinashoesfactory.com\/en\/wp-json\/wp\/v2\/users\/1"}],"replies":[{"embeddable":true,"href":"https:\/\/serrazinashoesfactory.com\/en\/wp-json\/wp\/v2\/comments?post=3"}],"version-history":[{"count":4,"href":"https:\/\/serrazinashoesfactory.com\/en\/wp-json\/wp\/v2\/pages\/3\/revisions"}],"predecessor-version":[{"id":15714,"href":"https:\/\/serrazinashoesfactory.com\/en\/wp-json\/wp\/v2\/pages\/3\/revisions\/15714"}],"wp:attachment":[{"href":"https:\/\/serrazinashoesfactory.com\/en\/wp-json\/wp\/v2\/media?parent=3"}],"curies":[{"name":"wp","href":"https:\/\/api.w.org\/{rel}","templated":true}]}}