{"id":4400,"date":"2021-10-12T15:51:09","date_gmt":"2021-10-12T15:51:09","guid":{"rendered":"http:\/\/dummy.xtemos.com\/woodmart2\/elementor\/?page_id=4400"},"modified":"2023-09-26T16:33:49","modified_gmt":"2023-09-26T16:33:49","slug":"sobre","status":"publish","type":"page","link":"https:\/\/serrazinashoesfactory.com\/en\/sobre\/","title":{"rendered":"sobre"},"content":{"rendered":"<div data-elementor-type=\"wp-page\" data-elementor-id=\"4400\" class=\"elementor elementor-4400\" data-elementor-post-type=\"page\">\n\t\t\t\t\t\t<section class=\"elementor-section elementor-top-section elementor-element elementor-element-3c548bca elementor-reverse-tablet elementor-reverse-mobile elementor-section-boxed elementor-section-height-default elementor-section-height-default\" data-id=\"3c548bca\" data-element_type=\"section\">\n\t\t\t\t\t\t<div class=\"elementor-container elementor-column-gap-default\">\n\t\t\t\t\t<div class=\"elementor-column elementor-col-50 elementor-top-column elementor-element elementor-element-1d354ed7\" data-id=\"1d354ed7\" data-element_type=\"column\">\n\t\t\t<div class=\"elementor-widget-wrap elementor-element-populated\">\n\t\t\t\t\t\t<div class=\"elementor-element elementor-element-3b8f1c6 elementor-widget elementor-widget-wd_image_or_svg\" data-id=\"3b8f1c6\" data-element_type=\"widget\" data-widget_type=\"wd_image_or_svg.default\">\n\t\t\t\t<div class=\"elementor-widget-container\">\n\t\t\t\t\t\n\t\t<div class=\"wd-image text-left\">\n\t\t\t\t\t\t\t\t<img fetchpriority=\"high\" decoding=\"async\" width=\"2560\" height=\"1706\" src=\"https:\/\/serrazinashoesfactory.com\/wp-content\/uploads\/2023\/09\/machine-tool-table-with-shoes-making-holes-laces-cobbler-s-workshop-scaled.jpg\" class=\"attachment-full size-full\" alt=\"\" srcset=\"https:\/\/serrazinashoesfactory.com\/wp-content\/uploads\/2023\/09\/machine-tool-table-with-shoes-making-holes-laces-cobbler-s-workshop-scaled.jpg 2560w, https:\/\/serrazinashoesfactory.com\/wp-content\/uploads\/2023\/09\/machine-tool-table-with-shoes-making-holes-laces-cobbler-s-workshop-scaled-430x287.jpg 430w, https:\/\/serrazinashoesfactory.com\/wp-content\/uploads\/2023\/09\/machine-tool-table-with-shoes-making-holes-laces-cobbler-s-workshop-scaled-150x100.jpg 150w, https:\/\/serrazinashoesfactory.com\/wp-content\/uploads\/2023\/09\/machine-tool-table-with-shoes-making-holes-laces-cobbler-s-workshop-scaled-700x466.jpg 700w, https:\/\/serrazinashoesfactory.com\/wp-content\/uploads\/2023\/09\/machine-tool-table-with-shoes-making-holes-laces-cobbler-s-workshop-400x267.jpg 400w, https:\/\/serrazinashoesfactory.com\/wp-content\/uploads\/2023\/09\/machine-tool-table-with-shoes-making-holes-laces-cobbler-s-workshop-1200x800.jpg 1200w, https:\/\/serrazinashoesfactory.com\/wp-content\/uploads\/2023\/09\/machine-tool-table-with-shoes-making-holes-laces-cobbler-s-workshop-768x512.jpg 768w, https:\/\/serrazinashoesfactory.com\/wp-content\/uploads\/2023\/09\/machine-tool-table-with-shoes-making-holes-laces-cobbler-s-workshop-1536x1024.jpg 1536w, https:\/\/serrazinashoesfactory.com\/wp-content\/uploads\/2023\/09\/machine-tool-table-with-shoes-making-holes-laces-cobbler-s-workshop-2048x1365.jpg 2048w, https:\/\/serrazinashoesfactory.com\/wp-content\/uploads\/2023\/09\/machine-tool-table-with-shoes-making-holes-laces-cobbler-s-workshop-860x573.jpg 860w\" sizes=\"(max-width: 2560px) 100vw, 2560px\" \/>\t\t\t\t\t<\/div>\n\n\t\t\t\t\t\t<\/div>\n\t\t\t\t<\/div>\n\t\t\t\t\t<\/div>\n\t\t<\/div>\n\t\t\t\t<div class=\"elementor-column elementor-col-50 elementor-top-column elementor-element elementor-element-7a9daa7\" data-id=\"7a9daa7\" data-element_type=\"column\">\n\t\t\t<div class=\"elementor-widget-wrap elementor-element-populated\">\n\t\t\t\t\t\t<div class=\"elementor-element elementor-element-18566191 elementor-widget__width-initial wd-width-100 elementor-widget elementor-widget-wd_title\" data-id=\"18566191\" data-element_type=\"widget\" data-widget_type=\"wd_title.default\">\n\t\t\t\t<div class=\"elementor-widget-container\">\n\t\t\t\t\t\t\t<div class=\"title-wrapper set-mb-s reset-last-child wd-title-color-primary wd-title-style-default wd-title-size-large text-left\">\n\n\t\t\t\t\t\t\t<div class=\"title-subtitle subtitle-color-primary subtitle-style-default wd-fontsize-xs\">\n\t\t\t\t\tAbout\t\t\t\t<\/div>\n\t\t\t\n\t\t\t<div class=\"liner-continer\">\n\t\t\t\t<h4 class=\"woodmart-title-container title wd-fontsize-xxl\">Serrazina Shoes Factory<\/h4> \n\t\t\t\t\t\t\t<\/div>\n\n\t\t\t\t\t<\/div>\n\t\t\t\t\t\t<\/div>\n\t\t\t\t<\/div>\n\t\t\t\t<div class=\"elementor-element elementor-element-cf34ae6 elementor-widget__width-initial elementor-widget elementor-widget-wd_text_block\" data-id=\"cf34ae6\" data-element_type=\"widget\" data-widget_type=\"wd_text_block.default\">\n\t\t\t\t<div class=\"elementor-widget-container\">\n\t\t\t\t\t\t\t<div class=\"wd-text-block reset-last-child text-left\">\n\t\t\t\n\t\t\t<p>SERRAZINA Shoes Factory is a small, family-owned industrial footwear company specializing in the Goodyear Welted system, with more than 60 years of experience, being the first to manufacture this system in the Benedita area and one of the first nationally, being currently in the third generation.<\/p><p>Seu s\u00f3cio\/fundador JOS\u00c9 RODRIGUES SERRAZINA, com apenas 19 anos, iniciou o fabrico de cal\u00e7ado no sistema Goodyear Welted produzindo no m\u00e1ximo 1 par de botas por dia manualmente e apenas cal\u00e7ado robusto para homem.<\/p><p>Com o passar dos anos e gera\u00e7\u00f5es a SERRAZINA Shoes Factory viu recentemente, a necessidade de evoluir e desta forma passar a produzir, tamb\u00e9m, cal\u00e7ado de senhora, crian\u00e7a, bem como trabalhar com outros tipos de materiais de qualidade superior para um produto final igualmente de maior qualidade adquirindo tamb\u00e9m maquinaria de alta tecnologia.<\/p>\n\t\t\t\t\t<\/div>\n\t\t\t\t\t\t<\/div>\n\t\t\t\t<\/div>\n\t\t\t\t\t<\/div>\n\t\t<\/div>\n\t\t\t\t\t<\/div>\n\t\t<\/section>\n\t\t\t\t<section class=\"elementor-section elementor-top-section elementor-element elementor-element-258a5d03 elementor-section-content-middle wd-section-stretch elementor-section-boxed elementor-section-height-default elementor-section-height-default\" data-id=\"258a5d03\" data-element_type=\"section\" data-settings=\"{&quot;background_background&quot;:&quot;classic&quot;}\">\n\t\t\t\t\t\t<div class=\"elementor-container elementor-column-gap-default\">\n\t\t\t\t\t<div class=\"elementor-column elementor-col-50 elementor-top-column elementor-element elementor-element-322d579b color-scheme-light\" data-id=\"322d579b\" data-element_type=\"column\">\n\t\t\t<div class=\"elementor-widget-wrap elementor-element-populated\">\n\t\t\t\t\t\t<div class=\"elementor-element elementor-element-1d167ea wd-width-100 elementor-widget elementor-widget-wd_title\" data-id=\"1d167ea\" data-element_type=\"widget\" data-widget_type=\"wd_title.default\">\n\t\t\t\t<div class=\"elementor-widget-container\">\n\t\t\t\t\t\t\t<div class=\"title-wrapper set-mb-s reset-last-child wd-title-color-primary wd-title-style-default wd-title-size-large text-left\">\n\n\t\t\t\t\t\t\t<div class=\"title-subtitle subtitle-color-primary subtitle-style-default wd-fontsize-xs\">\n\t\t\t\t\tSerrazina Shoes Factory\t\t\t\t<\/div>\n\t\t\t\n\t\t\t<div class=\"liner-continer\">\n\t\t\t\t<h4 class=\"woodmart-title-container title wd-fontsize-xxl\">CONSTRUIMOS O FUTURO COM O CONHECIMENTO DO PASSADO<\/h4> \n\t\t\t\t\t\t\t<\/div>\n\n\t\t\t\t\t<\/div>\n\t\t\t\t\t\t<\/div>\n\t\t\t\t<\/div>\n\t\t\t\t\t<\/div>\n\t\t<\/div>\n\t\t\t\t<div class=\"elementor-column elementor-col-50 elementor-top-column elementor-element elementor-element-f1bfe4d\" data-id=\"f1bfe4d\" data-element_type=\"column\">\n\t\t\t<div class=\"elementor-widget-wrap elementor-element-populated\">\n\t\t\t\t\t\t<section class=\"elementor-section elementor-inner-section elementor-element elementor-element-16f2b675 elementor-section-boxed elementor-section-height-default elementor-section-height-default\" data-id=\"16f2b675\" data-element_type=\"section\">\n\t\t\t\t\t\t<div class=\"elementor-container elementor-column-gap-no\">\n\t\t\t\t\t<div class=\"elementor-column elementor-col-50 elementor-inner-column elementor-element elementor-element-55e71166\" data-id=\"55e71166\" data-element_type=\"column\">\n\t\t\t<div class=\"elementor-widget-wrap elementor-element-populated\">\n\t\t\t\t\t\t<div class=\"elementor-element elementor-element-45481925 elementor-widget elementor-widget-wd_counter\" data-id=\"45481925\" data-element_type=\"widget\" data-widget_type=\"wd_counter.default\">\n\t\t\t\t<div class=\"elementor-widget-container\">\n\t\t\t\t\t\t\t<div class=\"woodmart-counter counter-large text-center color-scheme-light\">\n\t\t\t<div class=\"counter-value\" data-state=\"new\" data-final=\"10\">\n\t\t\t\t10\t\t\t<\/div>\n\n\t\t\t\t\t\t\t<div class=\"counter-label\">\n\t\t\t\t\tFuncion\u00e1rios\t\t\t\t<\/div>\n\t\t\t\t\t<\/div>\n\t\t\t\t\t\t<\/div>\n\t\t\t\t<\/div>\n\t\t\t\t\t<\/div>\n\t\t<\/div>\n\t\t\t\t<div class=\"elementor-column elementor-col-50 elementor-top-column elementor-element elementor-element-4c0d03d4\" data-id=\"4c0d03d4\" data-element_type=\"column\">\n\t\t\t<div class=\"elementor-widget-wrap elementor-element-populated\">\n\t\t\t\t\t\t<div class=\"elementor-element elementor-element-6daaabc8 elementor-widget elementor-widget-wd_counter\" data-id=\"6daaabc8\" data-element_type=\"widget\" data-widget_type=\"wd_counter.default\">\n\t\t\t\t<div class=\"elementor-widget-container\">\n\t\t\t\t\t\t\t<div class=\"woodmart-counter counter-large text-center color-scheme-light\">\n\t\t\t<div class=\"counter-value\" data-state=\"new\" data-final=\"1000\">\n\t\t\t\t1000\t\t\t<\/div>\n\n\t\t\t\t\t\t\t<div class=\"counter-label\">\n\t\t\t\t\tClientes\t\t\t\t<\/div>\n\t\t\t\t\t<\/div>\n\t\t\t\t\t\t<\/div>\n\t\t\t\t<\/div>\n\t\t\t\t\t<\/div>\n\t\t<\/div>\n\t\t\t\t\t<\/div>\n\t\t<\/section>\n\t\t\t\t<section class=\"elementor-section elementor-inner-section elementor-element elementor-element-2a20da95 elementor-section-boxed elementor-section-height-default elementor-section-height-default\" data-id=\"2a20da95\" data-element_type=\"section\">\n\t\t\t\t\t\t<div class=\"elementor-container elementor-column-gap-no\">\n\t\t\t\t\t<div class=\"elementor-column elementor-col-50 elementor-inner-column elementor-element elementor-element-8324e0\" data-id=\"8324e0\" data-element_type=\"column\">\n\t\t\t<div class=\"elementor-widget-wrap elementor-element-populated\">\n\t\t\t\t\t\t<div class=\"elementor-element elementor-element-5a93a0bb elementor-widget elementor-widget-wd_counter\" data-id=\"5a93a0bb\" data-element_type=\"widget\" data-widget_type=\"wd_counter.default\">\n\t\t\t\t<div class=\"elementor-widget-container\">\n\t\t\t\t\t\t\t<div class=\"woodmart-counter counter-large text-center color-scheme-light\">\n\t\t\t<div class=\"counter-value\" data-state=\"new\" data-final=\"15\">\n\t\t\t\t15\t\t\t<\/div>\n\n\t\t\t\t\t\t\t<div class=\"counter-label\">\n\t\t\t\t\tPa\u00edses\t\t\t\t<\/div>\n\t\t\t\t\t<\/div>\n\t\t\t\t\t\t<\/div>\n\t\t\t\t<\/div>\n\t\t\t\t\t<\/div>\n\t\t<\/div>\n\t\t\t\t<div class=\"elementor-column elementor-col-50 elementor-top-column elementor-element elementor-element-50aa848f\" data-id=\"50aa848f\" data-element_type=\"column\">\n\t\t\t<div class=\"elementor-widget-wrap elementor-element-populated\">\n\t\t\t\t\t\t<div class=\"elementor-element elementor-element-150bc487 elementor-widget elementor-widget-wd_counter\" data-id=\"150bc487\" data-element_type=\"widget\" data-widget_type=\"wd_counter.default\">\n\t\t\t\t<div class=\"elementor-widget-container\">\n\t\t\t\t\t\t\t<div class=\"woodmart-counter counter-large text-center color-scheme-light\">\n\t\t\t<div class=\"counter-value\" data-state=\"new\" data-final=\"1\">\n\t\t\t\t1\t\t\t<\/div>\n\n\t\t\t\t\t\t\t<div class=\"counter-label\">\n\t\t\t\t\tF\u00e1brica\t\t\t\t<\/div>\n\t\t\t\t\t<\/div>\n\t\t\t\t\t\t<\/div>\n\t\t\t\t<\/div>\n\t\t\t\t\t<\/div>\n\t\t<\/div>\n\t\t\t\t\t<\/div>\n\t\t<\/section>\n\t\t\t\t\t<\/div>\n\t\t<\/div>\n\t\t\t\t\t<\/div>\n\t\t<\/section>\n\t\t\t\t<\/div>","protected":false},"excerpt":{"rendered":"<p>Sobre Serrazina Shoes Factory A SERRAZINA Shoes Factory \u00e9 uma pequena empresa industrial, familiar, de cal\u00e7ado especializada no sistema Goodyear<\/p>","protected":false},"author":1,"featured_media":0,"parent":0,"menu_order":0,"comment_status":"closed","ping_status":"closed","template":"","meta":{"footnotes":""},"class_list":["post-4400","page","type-page","status-publish","hentry"],"_links":{"self":[{"href":"https:\/\/serrazinashoesfactory.com\/en\/wp-json\/wp\/v2\/pages\/4400","targetHints":{"allow":["GET"]}}],"collection":[{"href":"https:\/\/serrazinashoesfactory.com\/en\/wp-json\/wp\/v2\/pages"}],"about":[{"href":"https:\/\/serrazinashoesfactory.com\/en\/wp-json\/wp\/v2\/types\/page"}],"author":[{"embeddable":true,"href":"https:\/\/serrazinashoesfactory.com\/en\/wp-json\/wp\/v2\/users\/1"}],"replies":[{"embeddable":true,"href":"https:\/\/serrazinashoesfactory.com\/en\/wp-json\/wp\/v2\/comments?post=4400"}],"version-history":[{"count":19,"href":"https:\/\/serrazinashoesfactory.com\/en\/wp-json\/wp\/v2\/pages\/4400\/revisions"}],"predecessor-version":[{"id":15925,"href":"https:\/\/serrazinashoesfactory.com\/en\/wp-json\/wp\/v2\/pages\/4400\/revisions\/15925"}],"wp:attachment":[{"href":"https:\/\/serrazinashoesfactory.com\/en\/wp-json\/wp\/v2\/media?parent=4400"}],"curies":[{"name":"wp","href":"https:\/\/api.w.org\/{rel}","templated":true}]}}